{"id":1013920,"date":"2025-12-29T22:44:34","date_gmt":"2025-12-29T22:44:34","guid":{"rendered":"https:\/\/www.cubespa.cz\/?page_id=1013920"},"modified":"2026-01-06T06:50:45","modified_gmt":"2026-01-06T06:50:45","slug":"e-shop","status":"publish","type":"page","link":"https:\/\/www.cubespa.cz\/en\/e-shop\/","title":{"rendered":"E-shop"},"content":{"rendered":"<h6 class=\"wp-block-heading\">E-shop proch\u00e1z\u00ed p\u0159estavbovou.<\/h6>\n\n\n\n<p>Nev\u00e1hejte se n\u00e1m ozvat na na\u0161ich <strong><a href=\"https:\/\/www.cubespa.cz\/en\/poptavka\/\">kontaktech<\/a><\/strong> nebo vyplnit <strong><a href=\"https:\/\/www.cubespa.cz\/en\/poptavka\/\">popt\u00e1vku<\/a><\/strong>.<\/p>","protected":false},"excerpt":{"rendered":"<p>E-shop proch\u00e1z\u00ed p\u0159estavbovou. Nev\u00e1hejte se n\u00e1m ozvat na na\u0161ich kontaktech nebo vyplnit popt\u00e1vku.<\/p>","protected":false},"author":2,"featured_media":518,"parent":0,"menu_order":5,"comment_status":"closed","ping_status":"closed","template":"","meta":{"footnotes":""},"class_list":["post-1013920","page","type-page","status-publish","has-post-thumbnail","hentry"],"_links":{"self":[{"href":"https:\/\/www.cubespa.cz\/en\/wp-json\/wp\/v2\/pages\/1013920","targetHints":{"allow":["GET"]}}],"collection":[{"href":"https:\/\/www.cubespa.cz\/en\/wp-json\/wp\/v2\/pages"}],"about":[{"href":"https:\/\/www.cubespa.cz\/en\/wp-json\/wp\/v2\/types\/page"}],"author":[{"embeddable":true,"href":"https:\/\/www.cubespa.cz\/en\/wp-json\/wp\/v2\/users\/2"}],"replies":[{"embeddable":true,"href":"https:\/\/www.cubespa.cz\/en\/wp-json\/wp\/v2\/comments?post=1013920"}],"version-history":[{"count":4,"href":"https:\/\/www.cubespa.cz\/en\/wp-json\/wp\/v2\/pages\/1013920\/revisions"}],"predecessor-version":[{"id":1013977,"href":"https:\/\/www.cubespa.cz\/en\/wp-json\/wp\/v2\/pages\/1013920\/revisions\/1013977"}],"wp:featuredmedia":[{"embeddable":true,"href":"https:\/\/www.cubespa.cz\/en\/wp-json\/wp\/v2\/media\/518"}],"wp:attachment":[{"href":"https:\/\/www.cubespa.cz\/en\/wp-json\/wp\/v2\/media?parent=1013920"}],"curies":[{"name":"wp","href":"https:\/\/api.w.org\/{rel}","templated":true}]}}