{"id":1013931,"date":"2026-01-03T12:11:56","date_gmt":"2026-01-03T12:11:56","guid":{"rendered":"https:\/\/www.cubespa.cz\/?page_id=1013931"},"modified":"2026-01-05T06:36:41","modified_gmt":"2026-01-05T06:36:41","slug":"finska-sauna","status":"publish","type":"page","link":"https:\/\/www.cubespa.cz\/en\/sauny-na-miru\/finska-sauna\/","title":{"rendered":"FINNISH SAUNA"},"content":{"rendered":"<p>Traditional dry sauna is designated for those who love heating their bodies at high temperatures.<\/p>\n\n\n\n<p>A dry sauna works with a temperature range between&nbsp;<strong>80<\/strong>&nbsp;and&nbsp;<strong>110&nbsp;\u00b0C<\/strong>&nbsp;a relativn\u00ed vlhkost\u00ed vzduchu do&nbsp;<strong>20&nbsp;%<\/strong>. Humidity can be actively increased by so-called steam shocks. These can be achieved by gently pouring water on the warm lava stones. Those are stored in the sauna stove.<\/p>\n\n\n\n<p>Obklady st\u011bn, vybaven\u00ed interi\u00e9ru sauny i&nbsp;ostatn\u00ed prvky, jako nap\u0159\u00edklad sklen\u011bn\u00e9 dve\u0159e, jsou tvo\u0159eny z&nbsp;kvalitn\u00edch materi\u00e1l\u016f, vhodn\u00fdch pro instalaci v&nbsp;saun\u011b. Tyto materi\u00e1ly, jako jsou r\u016fznorod\u00e9 d\u0159eviny, k\u00e1men \u010di sklo, zaru\u010duj\u00ed dlouhou \u017eivotnost a spl\u0148uj\u00ed vysok\u00e9 po\u017eadavky pro tepeln\u011b vodiv\u00e9 vlastnosti a odolnost s&nbsp;u\u017eit\u00edm v&nbsp;saun\u00e1ch.<\/p>\n\n\n\n<p>V&nbsp;p\u0159\u00edpad\u011b z\u00e1jmu o&nbsp;spolupr\u00e1ci se na n\u00e1s s&nbsp;d\u016fv\u011brou obra\u0165te. R\u00e1di V\u00e1m porad\u00edme a v\u0161e pot\u0159ebn\u00e9 vysv\u011btl\u00edme.<\/p>","protected":false},"excerpt":{"rendered":"<p>Klasick\u00e1 such\u00e1 sauna je ur\u010dena pro vyznava\u010de vysok\u00fdch teplot proh\u0159\u00edv\u00e1n\u00ed. Such\u00e1 sauna pracuje s&nbsp;teplotou v&nbsp;rozmez\u00ed&nbsp;80&nbsp;a\u017e&nbsp;110&nbsp;\u00b0C&nbsp;a relativn\u00ed vlhkost\u00ed vzduchu do&nbsp;20&nbsp;%. Vlhkost vzduchu lze aktivn\u011b navy\u0161ovat takzvan\u00fdmi parn\u00edmi n\u00e1razy, kter\u00fdch se doc\u00edl\u00ed citliv\u00fdm pol\u00e9v\u00e1n\u00edm nah\u0159\u00e1t\u00fdch l\u00e1vov\u00fdch kamen\u016f. [&hellip;]<\/p>","protected":false},"author":2,"featured_media":1013948,"parent":139,"menu_order":1,"comment_status":"closed","ping_status":"closed","template":"","meta":{"footnotes":""},"class_list":["post-1013931","page","type-page","status-publish","has-post-thumbnail","hentry"],"_links":{"self":[{"href":"https:\/\/www.cubespa.cz\/en\/wp-json\/wp\/v2\/pages\/1013931","targetHints":{"allow":["GET"]}}],"collection":[{"href":"https:\/\/www.cubespa.cz\/en\/wp-json\/wp\/v2\/pages"}],"about":[{"href":"https:\/\/www.cubespa.cz\/en\/wp-json\/wp\/v2\/types\/page"}],"author":[{"embeddable":true,"href":"https:\/\/www.cubespa.cz\/en\/wp-json\/wp\/v2\/users\/2"}],"replies":[{"embeddable":true,"href":"https:\/\/www.cubespa.cz\/en\/wp-json\/wp\/v2\/comments?post=1013931"}],"version-history":[{"count":2,"href":"https:\/\/www.cubespa.cz\/en\/wp-json\/wp\/v2\/pages\/1013931\/revisions"}],"predecessor-version":[{"id":1013952,"href":"https:\/\/www.cubespa.cz\/en\/wp-json\/wp\/v2\/pages\/1013931\/revisions\/1013952"}],"up":[{"embeddable":true,"href":"https:\/\/www.cubespa.cz\/en\/wp-json\/wp\/v2\/pages\/139"}],"wp:featuredmedia":[{"embeddable":true,"href":"https:\/\/www.cubespa.cz\/en\/wp-json\/wp\/v2\/media\/1013948"}],"wp:attachment":[{"href":"https:\/\/www.cubespa.cz\/en\/wp-json\/wp\/v2\/media?parent=1013931"}],"curies":[{"name":"wp","href":"https:\/\/api.w.org\/{rel}","templated":true}]}}