{"id":1013933,"date":"2026-01-03T12:12:07","date_gmt":"2026-01-03T12:12:07","guid":{"rendered":"https:\/\/www.cubespa.cz\/?page_id=1013933"},"modified":"2026-01-05T06:36:50","modified_gmt":"2026-01-05T06:36:50","slug":"bio-sauna","status":"publish","type":"page","link":"https:\/\/www.cubespa.cz\/en\/sauny-na-miru\/bio-sauna\/","title":{"rendered":"Bio sauna"},"content":{"rendered":"<p>Bio sauna nab\u00edz\u00ed kombinaci klasick\u00e9 such\u00e9 sauny s&nbsp;parn\u00ed aromatickou saunou. Pou\u017eit\u00edm kamen s&nbsp;v\u00fdparn\u00edky vody, vznik\u00e1 sauna s&nbsp;ozna\u010den\u00edm BIO. Pro maxim\u00e1ln\u00ed vyu\u017eit\u00ed potenci\u00e1lu t\u00e9to sauny doporu\u010dujeme dopl\u0148ovat v\u00fdparn\u00edky o&nbsp;aroma esence, kter\u00e9 d\u00edky optim\u00e1ln\u00ed kombinaci teploty a vlhkosti upevn\u00ed maxim\u00e1ln\u00ed relaxa\u010dn\u00ed z\u00e1\u017eitek. Bio sauna nab\u00edz\u00ed p\u0159\u00edjemn\u00e9 mikroklima, kter\u00e9 je pro tuto saunu typick\u00fdm rysem, p\u0159i teplot\u00e1ch v&nbsp;rozmez\u00ed&nbsp;<strong>50<\/strong>&nbsp;and&nbsp;<strong>70&nbsp;\u00b0C<\/strong>&nbsp;a vzdu\u0161n\u00e9 vlhkosti v&nbsp;rozmez\u00ed 30&nbsp;a\u017e 40&nbsp;%.<\/p>\n\n\n\n<p>Obklady st\u011bn, vybaven\u00ed interi\u00e9ru sauny i&nbsp;ostatn\u00ed prvky, jako nap\u0159\u00edklad sklen\u011bn\u00e9 dve\u0159e, jsou tvo\u0159eny z&nbsp;kvalitn\u00edch materi\u00e1l\u016f, vhodn\u00fdch pro instalaci v&nbsp;saun\u011b. Tyto materi\u00e1ly, jako jsou r\u016fznorod\u00e9 d\u0159eviny, k\u00e1men \u010di sklo, zaru\u010duj\u00ed dlouhou \u017eivotnost a spl\u0148uj\u00ed vysok\u00e9 po\u017eadavky pro tepeln\u011b vodiv\u00e9 vlastnosti a odolnost s&nbsp;u\u017eit\u00edm v&nbsp;saun\u00e1ch.<\/p>\n\n\n\n<p>V&nbsp;p\u0159\u00edpad\u011b z\u00e1jmu o&nbsp;spolupr\u00e1ci se na n\u00e1s s&nbsp;d\u016fv\u011brou obra\u0165te. R\u00e1di V\u00e1m porad\u00edme a v\u0161e pot\u0159ebn\u00e9 vysv\u011btl\u00edme.<\/p>","protected":false},"excerpt":{"rendered":"<p>Bio sauna nab\u00edz\u00ed kombinaci klasick\u00e9 such\u00e9 sauny s&nbsp;parn\u00ed aromatickou saunou. Pou\u017eit\u00edm kamen s&nbsp;v\u00fdparn\u00edky vody, vznik\u00e1 sauna s&nbsp;ozna\u010den\u00edm BIO. Pro maxim\u00e1ln\u00ed vyu\u017eit\u00ed potenci\u00e1lu t\u00e9to sauny doporu\u010dujeme dopl\u0148ovat v\u00fdparn\u00edky o&nbsp;aroma esence, kter\u00e9 d\u00edky optim\u00e1ln\u00ed kombinaci teploty a [&hellip;]<\/p>","protected":false},"author":2,"featured_media":1013949,"parent":139,"menu_order":2,"comment_status":"closed","ping_status":"closed","template":"","meta":{"footnotes":""},"class_list":["post-1013933","page","type-page","status-publish","has-post-thumbnail","hentry"],"_links":{"self":[{"href":"https:\/\/www.cubespa.cz\/en\/wp-json\/wp\/v2\/pages\/1013933","targetHints":{"allow":["GET"]}}],"collection":[{"href":"https:\/\/www.cubespa.cz\/en\/wp-json\/wp\/v2\/pages"}],"about":[{"href":"https:\/\/www.cubespa.cz\/en\/wp-json\/wp\/v2\/types\/page"}],"author":[{"embeddable":true,"href":"https:\/\/www.cubespa.cz\/en\/wp-json\/wp\/v2\/users\/2"}],"replies":[{"embeddable":true,"href":"https:\/\/www.cubespa.cz\/en\/wp-json\/wp\/v2\/comments?post=1013933"}],"version-history":[{"count":2,"href":"https:\/\/www.cubespa.cz\/en\/wp-json\/wp\/v2\/pages\/1013933\/revisions"}],"predecessor-version":[{"id":1013953,"href":"https:\/\/www.cubespa.cz\/en\/wp-json\/wp\/v2\/pages\/1013933\/revisions\/1013953"}],"up":[{"embeddable":true,"href":"https:\/\/www.cubespa.cz\/en\/wp-json\/wp\/v2\/pages\/139"}],"wp:featuredmedia":[{"embeddable":true,"href":"https:\/\/www.cubespa.cz\/en\/wp-json\/wp\/v2\/media\/1013949"}],"wp:attachment":[{"href":"https:\/\/www.cubespa.cz\/en\/wp-json\/wp\/v2\/media?parent=1013933"}],"curies":[{"name":"wp","href":"https:\/\/api.w.org\/{rel}","templated":true}]}}