{"id":1013935,"date":"2026-01-03T12:12:20","date_gmt":"2026-01-03T12:12:20","guid":{"rendered":"https:\/\/www.cubespa.cz\/?page_id=1013935"},"modified":"2026-01-05T06:37:08","modified_gmt":"2026-01-05T06:37:08","slug":"infra-sauna","status":"publish","type":"page","link":"https:\/\/www.cubespa.cz\/en\/sauny-na-miru\/infra-sauna\/","title":{"rendered":"Infra sauna"},"content":{"rendered":"<p>Na rozd\u00edl od such\u00e9 finsk\u00e9 sauny, nen\u00ed u&nbsp;t\u00e9to varianty nutno dodr\u017eovat plnohodnotn\u00fd saunov\u00fd cyklus&nbsp;\u2013 st\u0159\u00eddav\u00e9 nah\u0159\u00edv\u00e1n\u00ed t\u011bla vysok\u00fdmi teplotami s&nbsp;n\u00e1sledn\u00fdm ochlazov\u00e1n\u00edm. Infra sauna je vhodn\u00e1 pro jednor\u00e1zov\u00e9 proh\u0159\u00e1t\u00ed organismu, a\u0165 u\u017e po vydatn\u00e9m fyzick\u00e9m v\u00fdkonu, dlouh\u00e9 proch\u00e1zce v&nbsp;chladn\u00e9m po\u010das\u00ed, nebo jako zaslou\u017een\u00fd odpo\u010dinek ve shonu v\u0161edn\u00edch dn\u00ed. Infraz\u00e1\u0159en\u00ed svou definovanou vlnovou d\u00e9lkou c\u00edl\u00ed na hloubkov\u00e9 proh\u0159\u00e1t\u00ed organizmu p\u0159i teplot\u00e1ch v&nbsp;rozmez\u00ed&nbsp;<strong>40<\/strong>&nbsp;and&nbsp;<strong>60\u00b0C<\/strong>. The layout of infrared heaters in the cabin is always designed with the purpose of the most effective use of infrared radiation.<\/p>\n\n\n\n<p>Obklady st\u011bn, vybaven\u00ed interi\u00e9ru sauny i&nbsp;ostatn\u00ed prvky, jako nap\u0159\u00edklad sklen\u011bn\u00e9 dve\u0159e, jsou tvo\u0159eny z&nbsp;kvalitn\u00edch materi\u00e1l\u016f, vhodn\u00fdch pro instalaci v&nbsp;saun\u011b. Tyto materi\u00e1ly, jako jsou r\u016fznorod\u00e9 d\u0159eviny, k\u00e1men \u010di sklo, zaru\u010duj\u00ed dlouhou \u017eivotnost a spl\u0148uj\u00ed vysok\u00e9 po\u017eadavky pro tepeln\u011b vodiv\u00e9 vlastnosti a odolnost s&nbsp;u\u017eit\u00edm v&nbsp;saun\u00e1ch.<\/p>\n\n\n\n<p>V&nbsp;p\u0159\u00edpad\u011b z\u00e1jmu o&nbsp;spolupr\u00e1ci se na n\u00e1s s&nbsp;d\u016fv\u011brou obra\u0165te. R\u00e1di V\u00e1m porad\u00edme a v\u0161e pot\u0159ebn\u00e9 vysv\u011btl\u00edme.<\/p>","protected":false},"excerpt":{"rendered":"<p>Na rozd\u00edl od such\u00e9 finsk\u00e9 sauny, nen\u00ed u&nbsp;t\u00e9to varianty nutno dodr\u017eovat plnohodnotn\u00fd saunov\u00fd cyklus&nbsp;\u2013 st\u0159\u00eddav\u00e9 nah\u0159\u00edv\u00e1n\u00ed t\u011bla vysok\u00fdmi teplotami s&nbsp;n\u00e1sledn\u00fdm ochlazov\u00e1n\u00edm. Infra sauna je vhodn\u00e1 pro jednor\u00e1zov\u00e9 proh\u0159\u00e1t\u00ed organismu, a\u0165 u\u017e po vydatn\u00e9m fyzick\u00e9m v\u00fdkonu, [&hellip;]<\/p>","protected":false},"author":2,"featured_media":1013951,"parent":139,"menu_order":4,"comment_status":"closed","ping_status":"closed","template":"","meta":{"footnotes":""},"class_list":["post-1013935","page","type-page","status-publish","has-post-thumbnail","hentry"],"_links":{"self":[{"href":"https:\/\/www.cubespa.cz\/en\/wp-json\/wp\/v2\/pages\/1013935","targetHints":{"allow":["GET"]}}],"collection":[{"href":"https:\/\/www.cubespa.cz\/en\/wp-json\/wp\/v2\/pages"}],"about":[{"href":"https:\/\/www.cubespa.cz\/en\/wp-json\/wp\/v2\/types\/page"}],"author":[{"embeddable":true,"href":"https:\/\/www.cubespa.cz\/en\/wp-json\/wp\/v2\/users\/2"}],"replies":[{"embeddable":true,"href":"https:\/\/www.cubespa.cz\/en\/wp-json\/wp\/v2\/comments?post=1013935"}],"version-history":[{"count":2,"href":"https:\/\/www.cubespa.cz\/en\/wp-json\/wp\/v2\/pages\/1013935\/revisions"}],"predecessor-version":[{"id":1013955,"href":"https:\/\/www.cubespa.cz\/en\/wp-json\/wp\/v2\/pages\/1013935\/revisions\/1013955"}],"up":[{"embeddable":true,"href":"https:\/\/www.cubespa.cz\/en\/wp-json\/wp\/v2\/pages\/139"}],"wp:featuredmedia":[{"embeddable":true,"href":"https:\/\/www.cubespa.cz\/en\/wp-json\/wp\/v2\/media\/1013951"}],"wp:attachment":[{"href":"https:\/\/www.cubespa.cz\/en\/wp-json\/wp\/v2\/media?parent=1013935"}],"curies":[{"name":"wp","href":"https:\/\/api.w.org\/{rel}","templated":true}]}}