{"id":1013937,"date":"2026-01-03T12:12:45","date_gmt":"2026-01-03T12:12:45","guid":{"rendered":"https:\/\/www.cubespa.cz\/?page_id=1013937"},"modified":"2026-01-05T06:37:00","modified_gmt":"2026-01-05T06:37:00","slug":"kombinovana-sauna","status":"publish","type":"page","link":"https:\/\/www.cubespa.cz\/en\/sauny-na-miru\/kombinovana-sauna\/","title":{"rendered":"COMBINATION SAUNA"},"content":{"rendered":"<p>Combination sauna integrates traditional dry sauna with infrared technology.<\/p>\n\n\n\n<p>The most common version is a traditional dry sauna with a so-called INFRARED CORNER \u2013 one area of the sauna is reserved for a complete set of infrared heaters that create the full effect of an infrared sauna. The traditional dry sauna offers complete body heating at high temperatures between&nbsp;<strong>80<\/strong>&nbsp;and&nbsp;<strong>110&nbsp;\u00b0C<\/strong>, zat\u00edmco infraz\u00e1\u0159en\u00ed svou definovanou vlnovou d\u00e9lkou c\u00edl\u00ed na hloubkov\u00e9 proh\u0159\u00e1t\u00ed organizmu p\u0159i teplot\u00e1ch v&nbsp;rozmez\u00ed&nbsp;<strong>40<\/strong>&nbsp;and&nbsp;<strong>60\u00b0C<\/strong>. This type of sauna is preferred by sports enthusiasts as well as families with children.<\/p>\n\n\n\n<p>Obklady st\u011bn, vybaven\u00ed interi\u00e9ru sauny i&nbsp;ostatn\u00ed prvky, jako nap\u0159\u00edklad sklen\u011bn\u00e9 dve\u0159e, jsou tvo\u0159eny z&nbsp;kvalitn\u00edch materi\u00e1l\u016f, vhodn\u00fdch pro instalaci v&nbsp;saun\u011b. Tyto materi\u00e1ly, jako jsou r\u016fznorod\u00e9 d\u0159eviny, k\u00e1men \u010di sklo, zaru\u010duj\u00ed dlouhou \u017eivotnost a spl\u0148uj\u00ed vysok\u00e9 po\u017eadavky pro tepeln\u011b vodiv\u00e9 vlastnosti a odolnost s&nbsp;u\u017eit\u00edm v&nbsp;saun\u00e1ch.<\/p>\n\n\n\n<p>V&nbsp;p\u0159\u00edpad\u011b z\u00e1jmu o&nbsp;spolupr\u00e1ci se na n\u00e1s s&nbsp;d\u016fv\u011brou obra\u0165te. R\u00e1di V\u00e1m porad\u00edme a v\u0161e pot\u0159ebn\u00e9 vysv\u011btl\u00edme.<\/p>","protected":false},"excerpt":{"rendered":"<p>Kombinovan\u00e1 sauna v&nbsp;sob\u011b propojuje klasickou suchou saunu s&nbsp;technologi\u00ed infraz\u00e1\u0159en\u00ed. Nej\u010dast\u011bji se jedn\u00e1 o&nbsp;proveden\u00ed klasick\u00e9 such\u00e9 sauny s&nbsp;takzvan\u00fdm INFRA KOUTEM&nbsp;\u2013 jedno m\u00edsto v&nbsp;saun\u011b je vyhrazeno pro kompletn\u00ed sadu infraz\u00e1\u0159i\u010d\u016f, \u010d\u00edm\u017e z\u00edsk\u00e1te plnohodnotn\u00fd efekt infrasauny. Klasick\u00e1 such\u00e1 [&hellip;]<\/p>","protected":false},"author":2,"featured_media":1013950,"parent":139,"menu_order":3,"comment_status":"closed","ping_status":"closed","template":"","meta":{"footnotes":""},"class_list":["post-1013937","page","type-page","status-publish","has-post-thumbnail","hentry"],"_links":{"self":[{"href":"https:\/\/www.cubespa.cz\/en\/wp-json\/wp\/v2\/pages\/1013937","targetHints":{"allow":["GET"]}}],"collection":[{"href":"https:\/\/www.cubespa.cz\/en\/wp-json\/wp\/v2\/pages"}],"about":[{"href":"https:\/\/www.cubespa.cz\/en\/wp-json\/wp\/v2\/types\/page"}],"author":[{"embeddable":true,"href":"https:\/\/www.cubespa.cz\/en\/wp-json\/wp\/v2\/users\/2"}],"replies":[{"embeddable":true,"href":"https:\/\/www.cubespa.cz\/en\/wp-json\/wp\/v2\/comments?post=1013937"}],"version-history":[{"count":2,"href":"https:\/\/www.cubespa.cz\/en\/wp-json\/wp\/v2\/pages\/1013937\/revisions"}],"predecessor-version":[{"id":1013954,"href":"https:\/\/www.cubespa.cz\/en\/wp-json\/wp\/v2\/pages\/1013937\/revisions\/1013954"}],"up":[{"embeddable":true,"href":"https:\/\/www.cubespa.cz\/en\/wp-json\/wp\/v2\/pages\/139"}],"wp:featuredmedia":[{"embeddable":true,"href":"https:\/\/www.cubespa.cz\/en\/wp-json\/wp\/v2\/media\/1013950"}],"wp:attachment":[{"href":"https:\/\/www.cubespa.cz\/en\/wp-json\/wp\/v2\/media?parent=1013937"}],"curies":[{"name":"wp","href":"https:\/\/api.w.org\/{rel}","templated":true}]}}