{"id":139,"date":"2022-11-07T07:13:54","date_gmt":"2022-11-07T07:13:54","guid":{"rendered":"https:\/\/www.cubespa.cz\/?page_id=139"},"modified":"2026-01-03T10:02:19","modified_gmt":"2026-01-03T10:02:19","slug":"sauny-na-miru","status":"publish","type":"page","link":"https:\/\/www.cubespa.cz\/en\/sauny-na-miru\/","title":{"rendered":"Tailor-made Saunas"},"content":{"rendered":"<h1 class=\"wp-block-heading\">RELAXATION IS NOT A PRIVILEGE OF THE CHOSEN ONES...<\/h1>\n\n\n\n<p>Ka\u017ed\u00fd si ho v&nbsp;dne\u0161n\u00ed usp\u011bchan\u00e9 dob\u011b zaslou\u017e\u00ed a d\u00edky n\u00e1m si ho m\u016f\u017eete dop\u0159\u00e1t i&nbsp;Vy.<\/p>\n\n\n\n<p><strong>A private home sauna will truly give you<\/strong> <strong>the hotel wellness type of experience.<\/strong> <strong>V\u0161e ve Va\u0161em soukrom\u00ed a pohodl\u00ed domova.<\/strong><\/p>\n\n\n\n<p>Na\u0161e sauny tvo\u0159\u00edme individu\u00e1ln\u011b, podle po\u017eadavk\u016f na\u0161ich z\u00e1kazn\u00edk\u016f. Kompletn\u00ed n\u00e1vrhy interi\u00e9r\u016f a exteri\u00e9r\u016f saun realizujeme spolehliv\u011b a precizn\u011b, s&nbsp;d\u016frazem na detaily a v\u00fdjime\u010dnost prostoru. Bezpe\u010dnost, funk\u010dnost a efektivn\u00ed vyu\u017eit\u00ed sauny V\u00e1m pom\u016f\u017eou krok po kroku zrealizovat na\u0161i n\u00e1vrh\u00e1\u0159i s&nbsp;letit\u00fdmi zku\u0161enostmi v&nbsp;tomto ojedin\u011bl\u00e9m&nbsp;oboru.<\/p>\n\n\n\n<p>V\u00fdroba Va\u0161\u00ed sauny je ru\u010dn\u00ed pr\u00e1ce d\u016fsledn\u00fdch a zku\u0161en\u00fdch truhl\u00e1\u0159\u016f. Naprostou spokojenost a maxim\u00e1ln\u00ed relaxa\u010dn\u00ed z\u00e1\u017eitek, ve Va\u0161\u00ed nov\u00e9 saun\u011b, umocn\u00ed pou\u017eit\u00ed kvalitn\u00edch materi\u00e1l\u016f a modern\u00edch technologi\u00ed, se kter\u00fdmi pracujeme.<\/p>\n\n\n\n<p>Your CUBE SPA<\/p>\n\n\n\n[ngg src=&#8220;galleries&#8220; ids=&#8220;2&#8243; display=&#8220;basic_thumbnail&#8220; thumbnail_crop=&#8220;0&#8243; images_per_page=&#8220;12&#8243;]\n\n\n\n<div style=\"height:50px\" aria-hidden=\"true\" class=\"wp-block-spacer\"><\/div>\n\n\n\n<h1 class=\"wp-block-heading\">FINNISH SAUNA<\/h1>\n\n\n\n<p>Traditional dry sauna is designated for those who love heating their bodies at high temperatures.<\/p>\n\n\n\n<p>A dry sauna works with a temperature range between&nbsp;<strong>80<\/strong>&nbsp;and&nbsp;<strong>110&nbsp;\u00b0C<\/strong>&nbsp;a relativn\u00ed vlhkost\u00ed vzduchu do&nbsp;<strong>20&nbsp;%<\/strong>. Humidity can be actively increased by so-called steam shocks. These can be achieved by gently pouring water on the warm lava stones. Those are stored in the sauna stove.<\/p>\n\n\n\n<p>Obklady st\u011bn, vybaven\u00ed interi\u00e9ru sauny i&nbsp;ostatn\u00ed prvky, jako nap\u0159\u00edklad sklen\u011bn\u00e9 dve\u0159e, jsou tvo\u0159eny z&nbsp;kvalitn\u00edch materi\u00e1l\u016f, vhodn\u00fdch pro instalaci v&nbsp;saun\u011b. Tyto materi\u00e1ly, jako jsou r\u016fznorod\u00e9 d\u0159eviny, k\u00e1men \u010di sklo, zaru\u010duj\u00ed dlouhou \u017eivotnost a spl\u0148uj\u00ed vysok\u00e9 po\u017eadavky pro tepeln\u011b vodiv\u00e9 vlastnosti a odolnost s&nbsp;u\u017eit\u00edm v&nbsp;saun\u00e1ch.<\/p>\n\n\n\n<p>V&nbsp;p\u0159\u00edpad\u011b z\u00e1jmu o&nbsp;spolupr\u00e1ci se na n\u00e1s s&nbsp;d\u016fv\u011brou obra\u0165te. R\u00e1di V\u00e1m porad\u00edme a v\u0161e pot\u0159ebn\u00e9 vysv\u011btl\u00edme.<\/p>\n\n\n\n<div style=\"height:50px\" aria-hidden=\"true\" class=\"wp-block-spacer\"><\/div>\n\n\n\n<h1 class=\"wp-block-heading\">Bio sauna<\/h1>\n\n\n\n<p>Bio sauna nab\u00edz\u00ed kombinaci klasick\u00e9 such\u00e9 sauny s&nbsp;parn\u00ed aromatickou saunou. Pou\u017eit\u00edm kamen s&nbsp;v\u00fdparn\u00edky vody, vznik\u00e1 sauna s&nbsp;ozna\u010den\u00edm BIO. Pro maxim\u00e1ln\u00ed vyu\u017eit\u00ed potenci\u00e1lu t\u00e9to sauny doporu\u010dujeme dopl\u0148ovat v\u00fdparn\u00edky o&nbsp;aroma esence, kter\u00e9 d\u00edky optim\u00e1ln\u00ed kombinaci teploty a vlhkosti upevn\u00ed maxim\u00e1ln\u00ed relaxa\u010dn\u00ed z\u00e1\u017eitek. Bio sauna nab\u00edz\u00ed p\u0159\u00edjemn\u00e9 mikroklima, kter\u00e9 je pro tuto saunu typick\u00fdm rysem, p\u0159i teplot\u00e1ch v&nbsp;rozmez\u00ed&nbsp;<strong>50<\/strong>&nbsp;and&nbsp;<strong>70&nbsp;\u00b0C<\/strong>&nbsp;a vzdu\u0161n\u00e9 vlhkosti v&nbsp;rozmez\u00ed 30&nbsp;a\u017e 40&nbsp;%.<\/p>\n\n\n\n<p>Obklady st\u011bn, vybaven\u00ed interi\u00e9ru sauny i&nbsp;ostatn\u00ed prvky, jako nap\u0159\u00edklad sklen\u011bn\u00e9 dve\u0159e, jsou tvo\u0159eny z&nbsp;kvalitn\u00edch materi\u00e1l\u016f, vhodn\u00fdch pro instalaci v&nbsp;saun\u011b. Tyto materi\u00e1ly, jako jsou r\u016fznorod\u00e9 d\u0159eviny, k\u00e1men \u010di sklo, zaru\u010duj\u00ed dlouhou \u017eivotnost a spl\u0148uj\u00ed vysok\u00e9 po\u017eadavky pro tepeln\u011b vodiv\u00e9 vlastnosti a odolnost s&nbsp;u\u017eit\u00edm v&nbsp;saun\u00e1ch.<\/p>\n\n\n\n<p>V&nbsp;p\u0159\u00edpad\u011b z\u00e1jmu o&nbsp;spolupr\u00e1ci se na n\u00e1s s&nbsp;d\u016fv\u011brou obra\u0165te. R\u00e1di V\u00e1m porad\u00edme a v\u0161e pot\u0159ebn\u00e9 vysv\u011btl\u00edme.<\/p>\n\n\n\n<div style=\"height:50px\" aria-hidden=\"true\" class=\"wp-block-spacer\"><\/div>\n\n\n\n<h1 class=\"wp-block-heading\">COMBINATION SAUNA<\/h1>\n\n\n\n<p>Combination sauna integrates traditional dry sauna with infrared technology.<\/p>\n\n\n\n<p>The most common version is a traditional dry sauna with a so-called INFRARED CORNER \u2013 one area of the sauna is reserved for a complete set of infrared heaters that create the full effect of an infrared sauna. The traditional dry sauna offers complete body heating at high temperatures between&nbsp;<strong>80<\/strong>&nbsp;and&nbsp;<strong>110&nbsp;\u00b0C<\/strong>, zat\u00edmco infraz\u00e1\u0159en\u00ed svou definovanou vlnovou d\u00e9lkou c\u00edl\u00ed na hloubkov\u00e9 proh\u0159\u00e1t\u00ed organizmu p\u0159i teplot\u00e1ch v&nbsp;rozmez\u00ed&nbsp;<strong>40<\/strong>&nbsp;and&nbsp;<strong>60\u00b0C<\/strong>. This type of sauna is preferred by sports enthusiasts as well as families with children.<\/p>\n\n\n\n<p>Obklady st\u011bn, vybaven\u00ed interi\u00e9ru sauny i&nbsp;ostatn\u00ed prvky, jako nap\u0159\u00edklad sklen\u011bn\u00e9 dve\u0159e, jsou tvo\u0159eny z&nbsp;kvalitn\u00edch materi\u00e1l\u016f, vhodn\u00fdch pro instalaci v&nbsp;saun\u011b. Tyto materi\u00e1ly, jako jsou r\u016fznorod\u00e9 d\u0159eviny, k\u00e1men \u010di sklo, zaru\u010duj\u00ed dlouhou \u017eivotnost a spl\u0148uj\u00ed vysok\u00e9 po\u017eadavky pro tepeln\u011b vodiv\u00e9 vlastnosti a odolnost s&nbsp;u\u017eit\u00edm v&nbsp;saun\u00e1ch.<\/p>\n\n\n\n<p>V&nbsp;p\u0159\u00edpad\u011b z\u00e1jmu o&nbsp;spolupr\u00e1ci se na n\u00e1s s&nbsp;d\u016fv\u011brou obra\u0165te. R\u00e1di V\u00e1m porad\u00edme a v\u0161e pot\u0159ebn\u00e9 vysv\u011btl\u00edme.<\/p>\n\n\n\n<div style=\"height:50px\" aria-hidden=\"true\" class=\"wp-block-spacer\"><\/div>\n\n\n\n<h1 class=\"wp-block-heading\">Infra sauna<\/h1>\n\n\n\n<p>Na rozd\u00edl od such\u00e9 finsk\u00e9 sauny, nen\u00ed u&nbsp;t\u00e9to varianty nutno dodr\u017eovat plnohodnotn\u00fd saunov\u00fd cyklus&nbsp;\u2013 st\u0159\u00eddav\u00e9 nah\u0159\u00edv\u00e1n\u00ed t\u011bla vysok\u00fdmi teplotami s&nbsp;n\u00e1sledn\u00fdm ochlazov\u00e1n\u00edm. Infra sauna je vhodn\u00e1 pro jednor\u00e1zov\u00e9 proh\u0159\u00e1t\u00ed organismu, a\u0165 u\u017e po vydatn\u00e9m fyzick\u00e9m v\u00fdkonu, dlouh\u00e9 proch\u00e1zce v&nbsp;chladn\u00e9m po\u010das\u00ed, nebo jako zaslou\u017een\u00fd odpo\u010dinek ve shonu v\u0161edn\u00edch dn\u00ed. Infraz\u00e1\u0159en\u00ed svou definovanou vlnovou d\u00e9lkou c\u00edl\u00ed na hloubkov\u00e9 proh\u0159\u00e1t\u00ed organizmu p\u0159i teplot\u00e1ch v&nbsp;rozmez\u00ed&nbsp;<strong>40<\/strong>&nbsp;and&nbsp;<strong>60\u00b0C<\/strong>. The layout of infrared heaters in the cabin is always designed with the purpose of the most effective use of infrared radiation.<\/p>\n\n\n\n<p>Obklady st\u011bn, vybaven\u00ed interi\u00e9ru sauny i&nbsp;ostatn\u00ed prvky, jako nap\u0159\u00edklad sklen\u011bn\u00e9 dve\u0159e, jsou tvo\u0159eny z&nbsp;kvalitn\u00edch materi\u00e1l\u016f, vhodn\u00fdch pro instalaci v&nbsp;saun\u011b. Tyto materi\u00e1ly, jako jsou r\u016fznorod\u00e9 d\u0159eviny, k\u00e1men \u010di sklo, zaru\u010duj\u00ed dlouhou \u017eivotnost a spl\u0148uj\u00ed vysok\u00e9 po\u017eadavky pro tepeln\u011b vodiv\u00e9 vlastnosti a odolnost s&nbsp;u\u017eit\u00edm v&nbsp;saun\u00e1ch.<\/p>\n\n\n\n<p>V&nbsp;p\u0159\u00edpad\u011b z\u00e1jmu o&nbsp;spolupr\u00e1ci se na n\u00e1s s&nbsp;d\u016fv\u011brou obra\u0165te. R\u00e1di V\u00e1m porad\u00edme a v\u0161e pot\u0159ebn\u00e9 vysv\u011btl\u00edme.<\/p>","protected":false},"excerpt":{"rendered":"<p>Odpo\u010dinek nen\u00ed v\u00fdsadou vyvolen\u00fdch&#8230; Ka\u017ed\u00fd si ho v&nbsp;dne\u0161n\u00ed usp\u011bchan\u00e9 dob\u011b zaslou\u017e\u00ed a d\u00edky n\u00e1m si ho m\u016f\u017eete dop\u0159\u00e1t i&nbsp;Vy. Priv\u00e1tn\u00ed dom\u00e1c\u00ed sauna V\u00e1m spolehliv\u011b nahrad\u00ed z\u00e1\u017eitek z&nbsp;wellness centra hotelov\u00e9ho typu. V\u0161e ve Va\u0161em soukrom\u00ed a [&hellip;]<\/p>","protected":false},"author":2,"featured_media":205,"parent":0,"menu_order":3,"comment_status":"closed","ping_status":"closed","template":"new_na_miru.php","meta":{"footnotes":""},"class_list":["post-139","page","type-page","status-publish","has-post-thumbnail","hentry"],"_links":{"self":[{"href":"https:\/\/www.cubespa.cz\/en\/wp-json\/wp\/v2\/pages\/139","targetHints":{"allow":["GET"]}}],"collection":[{"href":"https:\/\/www.cubespa.cz\/en\/wp-json\/wp\/v2\/pages"}],"about":[{"href":"https:\/\/www.cubespa.cz\/en\/wp-json\/wp\/v2\/types\/page"}],"author":[{"embeddable":true,"href":"https:\/\/www.cubespa.cz\/en\/wp-json\/wp\/v2\/users\/2"}],"replies":[{"embeddable":true,"href":"https:\/\/www.cubespa.cz\/en\/wp-json\/wp\/v2\/comments?post=139"}],"version-history":[{"count":24,"href":"https:\/\/www.cubespa.cz\/en\/wp-json\/wp\/v2\/pages\/139\/revisions"}],"predecessor-version":[{"id":432,"href":"https:\/\/www.cubespa.cz\/en\/wp-json\/wp\/v2\/pages\/139\/revisions\/432"}],"wp:featuredmedia":[{"embeddable":true,"href":"https:\/\/www.cubespa.cz\/en\/wp-json\/wp\/v2\/media\/205"}],"wp:attachment":[{"href":"https:\/\/www.cubespa.cz\/en\/wp-json\/wp\/v2\/media?parent=139"}],"curies":[{"name":"wp","href":"https:\/\/api.w.org\/{rel}","templated":true}]}}